{"id":5,"date":"2011-09-01T17:15:52","date_gmt":"2011-09-01T17:15:52","guid":{"rendered":"http:\/\/www.mymoments.de\/blog\/?page_id=5"},"modified":"2022-10-28T15:24:10","modified_gmt":"2022-10-28T14:24:10","slug":"impressum","status":"publish","type":"page","link":"https:\/\/mymoments.de\/blog\/impressum\/","title":{"rendered":"Impressum"},"content":{"rendered":"<p>my moments ist eine Marke der my moments Fotobuch Verlag GmbH<\/p>\n<p>Anbieterkennzeichnung nach \u00a7 6 Abs. 1 MdStV (Mediendienste-StV) sowie \u00a7 6 TDG (TeledienstG):<\/p>\n<p>Gesch\u00e4ftsf\u00fchrer: Jan H\u00f6ppner<br \/>\nHandelsregister: Amtsgericht Hamburg HRB 108768<br \/>\nUmsatzsteuer-ID: DE 26434155<\/p>\n<p>Kundenservice:<br \/>\nPer E-Mail:\u00a0\u00a0<a title=\"[GMCP] Compose a new mail to info@mymoments.de\" href=\"mailto:info@mymoments.de\" rel=\"noreferrer\">info@mymoments.de<\/a><br \/>\nPer Tel: \u00a0 \u00a0 \u00a0 04103 \u2013 928 1001<\/p>\n<p>my moments Fotobuch Verlag GmbH<br \/>\nHanna-Lucas-Stra\u00dfe 11<br \/>\n22880 Wedel<\/p>\n<p>Trotz sorgf\u00e4ltiger inhaltlicher Kontrolle \u00fcbernehmen wir keine Haftung f\u00fcr die Inhalte externer Links. F\u00fcr den Inhalt verlinkter Seiten sind ausschlie\u00dflich deren Betreiber verantwortlich.<\/p>\n<p>Alle Fotos sind urheberrechtlich gesch\u00fctzt und d\u00fcrfen nicht ohne Genehmigung, privat oder kommerziell in ver\u00e4nderter oder unver\u00e4nderter Form genutzt werden.<\/p>\n","protected":false},"excerpt":{"rendered":"<p>my moments ist eine Marke der my moments Fotobuch Verlag GmbH Anbieterkennzeichnung nach \u00a7 6 Abs. 1 MdStV (Mediendienste-StV) sowie \u00a7 6 TDG (TeledienstG): Gesch\u00e4ftsf\u00fchrer: Jan H\u00f6ppner Handelsregister: Amtsgericht Hamburg HRB 108768 Umsatzsteuer-ID: DE 26434155 Kundenservice: Per E-Mail:\u00a0\u00a0info@mymoments.de Per Tel: \u00a0 \u00a0 \u00a0 04103 \u2013 928 1001 my moments Fotobuch Verlag GmbH Hanna-Lucas-Stra\u00dfe 11 22880 [&hellip;]<\/p>\n","protected":false},"author":1,"featured_media":0,"parent":0,"menu_order":0,"comment_status":"closed","ping_status":"open","template":"","meta":{"_mi_skip_tracking":false,"_monsterinsights_sitenote_active":false,"_monsterinsights_sitenote_note":"","_monsterinsights_sitenote_category":0,"footnotes":""},"class_list":["post-5","page","type-page","status-publish","hentry"],"aioseo_notices":[],"_links":{"self":[{"href":"https:\/\/mymoments.de\/blog\/wp-json\/wp\/v2\/pages\/5"}],"collection":[{"href":"https:\/\/mymoments.de\/blog\/wp-json\/wp\/v2\/pages"}],"about":[{"href":"https:\/\/mymoments.de\/blog\/wp-json\/wp\/v2\/types\/page"}],"author":[{"embeddable":true,"href":"https:\/\/mymoments.de\/blog\/wp-json\/wp\/v2\/users\/1"}],"replies":[{"embeddable":true,"href":"https:\/\/mymoments.de\/blog\/wp-json\/wp\/v2\/comments?post=5"}],"version-history":[{"count":10,"href":"https:\/\/mymoments.de\/blog\/wp-json\/wp\/v2\/pages\/5\/revisions"}],"predecessor-version":[{"id":2705,"href":"https:\/\/mymoments.de\/blog\/wp-json\/wp\/v2\/pages\/5\/revisions\/2705"}],"wp:attachment":[{"href":"https:\/\/mymoments.de\/blog\/wp-json\/wp\/v2\/media?parent=5"}],"curies":[{"name":"wp","href":"https:\/\/api.w.org\/{rel}","templated":true}]}}